{"id":96,"date":"2021-10-08T13:45:01","date_gmt":"2021-10-08T13:45:01","guid":{"rendered":"http:\/\/www.game.fontsa.com\/?page_id=96"},"modified":"2021-10-08T13:45:07","modified_gmt":"2021-10-08T13:45:07","slug":"gamesome-studio","status":"publish","type":"page","link":"http:\/\/www.game.fontsa.com\/","title":{"rendered":"GameSome Studio"},"content":{"rendered":"\n<figure class=\"wp-block-image\" id=\"block-3b1f6002-7e88-40e3-96c4-bb57d0a1b838\"><img src=\"http:\/\/www.game.fontsa.com\/wp-content\/uploads\/2021\/10\/512x4-1024x1024.png\" alt=\"Bu g\u00f6rsel bo\u015f bir alt niteli\u011fe sahip; dosya ad\u0131 512x4-1024x1024.png\"\/><\/figure>\n\n\n\n<figure class=\"wp-block-image\" id=\"block-a5172f0f-9d0e-45d0-b267-7f9d0c57a879\"><img src=\"http:\/\/www.game.fontsa.com\/wp-content\/uploads\/2021\/10\/0-1024x576.png\" alt=\"Bu g\u00f6rsel bo\u015f bir alt niteli\u011fe sahip; dosya ad\u0131 0-1024x576.png\"\/><\/figure>\n\n\n\n<figure class=\"wp-block-image\" id=\"block-83329917-a086-4913-a1fe-763e1594fb92\"><img src=\"http:\/\/www.game.fontsa.com\/wp-content\/uploads\/2021\/10\/title-1024x578.png\" alt=\"Bu g\u00f6rsel bo\u015f bir alt niteli\u011fe sahip; dosya ad\u0131 title-1024x578.png\"\/><\/figure>\n\n\n\n<figure class=\"wp-block-image\" id=\"block-76d3d551-ffb5-4501-8111-38b4cf3fe366\"><img src=\"http:\/\/www.game.fontsa.com\/wp-content\/uploads\/2021\/10\/Untitled-0-1024x576.png\" alt=\"Bu g\u00f6rsel bo\u015f bir alt niteli\u011fe sahip; dosya ad\u0131 Untitled-0-1024x576.png\"\/><\/figure>\n\n\n\n<figure class=\"wp-block-image\" id=\"block-28172e62-e5ed-4374-be24-c3d4d15157bf\"><img src=\"http:\/\/www.game.fontsa.com\/wp-content\/uploads\/2021\/10\/2-1024x576.jpg\" alt=\"Bu g\u00f6rsel bo\u015f bir alt niteli\u011fe sahip; dosya ad\u0131 2-1024x576.jpg\"\/><\/figure>\n","protected":false},"excerpt":{"rendered":"","protected":false},"author":1,"featured_media":0,"parent":0,"menu_order":0,"comment_status":"closed","ping_status":"closed","template":"","meta":[],"_links":{"self":[{"href":"http:\/\/www.game.fontsa.com\/index.php?rest_route=\/wp\/v2\/pages\/96"}],"collection":[{"href":"http:\/\/www.game.fontsa.com\/index.php?rest_route=\/wp\/v2\/pages"}],"about":[{"href":"http:\/\/www.game.fontsa.com\/index.php?rest_route=\/wp\/v2\/types\/page"}],"author":[{"embeddable":true,"href":"http:\/\/www.game.fontsa.com\/index.php?rest_route=\/wp\/v2\/users\/1"}],"replies":[{"embeddable":true,"href":"http:\/\/www.game.fontsa.com\/index.php?rest_route=%2Fwp%2Fv2%2Fcomments&post=96"}],"version-history":[{"count":1,"href":"http:\/\/www.game.fontsa.com\/index.php?rest_route=\/wp\/v2\/pages\/96\/revisions"}],"predecessor-version":[{"id":97,"href":"http:\/\/www.game.fontsa.com\/index.php?rest_route=\/wp\/v2\/pages\/96\/revisions\/97"}],"wp:attachment":[{"href":"http:\/\/www.game.fontsa.com\/index.php?rest_route=%2Fwp%2Fv2%2Fmedia&parent=96"}],"curies":[{"name":"wp","href":"https:\/\/api.w.org\/{rel}","templated":true}]}}